{"id":2389,"date":"2025-06-02T12:59:17","date_gmt":"2025-06-02T12:59:17","guid":{"rendered":"https:\/\/sondoblons.com\/?page_id=2389"},"modified":"2025-06-02T13:01:11","modified_gmt":"2025-06-02T13:01:11","slug":"tarifas","status":"publish","type":"page","link":"https:\/\/sondoblons.com\/es\/tarifas\/","title":{"rendered":"TARIFAS"},"content":{"rendered":"[vc_row type=\u00bbin_container\u00bb full_screen_row_position=\u00bbmiddle\u00bb column_margin=\u00bbdefault\u00bb column_direction=\u00bbdefault\u00bb column_direction_tablet=\u00bbdefault\u00bb column_direction_phone=\u00bbdefault\u00bb scene_position=\u00bbcenter\u00bb top_padding=\u00bb4%\u00bb constrain_group_1=\u00bbyes\u00bb bottom_padding=\u00bb4%\u00bb left_padding_desktop=\u00bb5%\u00bb constrain_group_2=\u00bbyes\u00bb right_padding_desktop=\u00bb5%\u00bb left_padding_phone=\u00bb0&#8243; constrain_group_6=\u00bbyes\u00bb right_padding_phone=\u00bb0&#8243; text_color=\u00bbdark\u00bb text_align=\u00bbleft\u00bb row_border_radius=\u00bbnone\u00bb row_border_radius_applies=\u00bbbg\u00bb overflow=\u00bbvisible\u00bb advanced_gradient_angle=\u00bb0&#8243; overlay_strength=\u00bb0.3&#8243; gradient_direction=\u00bbleft_to_right\u00bb shape_divider_position=\u00bbbottom\u00bb bg_image_animation=\u00bbnone\u00bb gradient_type=\u00bbdefault\u00bb shape_type=\u00bb\u00bb][vc_column column_padding=\u00bbno-extra-padding\u00bb column_padding_tablet=\u00bbinherit\u00bb column_padding_phone=\u00bbinherit\u00bb column_padding_position=\u00bball\u00bb column_element_spacing=\u00bbdefault\u00bb background_color_opacity=\u00bb1&#8243; background_hover_color_opacity=\u00bb1&#8243; column_shadow=\u00bbnone\u00bb column_border_radius=\u00bbnone\u00bb column_link_target=\u00bb_self\u00bb column_position=\u00bbdefault\u00bb advanced_gradient_angle=\u00bb0&#8243; gradient_direction=\u00bbleft_to_right\u00bb overlay_strength=\u00bb0.3&#8243; width=\u00bb1\/1&#8243; tablet_width_inherit=\u00bbdefault\u00bb tablet_text_alignment=\u00bbdefault\u00bb phone_text_alignment=\u00bbdefault\u00bb animation_type=\u00bbdefault\u00bb enable_animation=\u00bbtrue\u00bb animation=\u00bbfade-in-from-bottom\u00bb mobile_disable_entrance_animation=\u00bbtrue\u00bb bg_image_animation=\u00bbnone\u00bb border_type=\u00bbsimple\u00bb column_border_width=\u00bbnone\u00bb column_border_style=\u00bbsolid\u00bb gradient_type=\u00bbdefault\u00bb delay=\u00bb500&#8243; animation_offset=\u00bb99%\u00bb][vc_column_text]<strong>\u00bfQUE EST\u00c1 INCLUIDO?<\/strong><br \/>\nTasas<br \/>\nServicio de limpieza 6 horas \/ d\u00eda, 6 d\u00edas \/ semana (excepto cocina)<br \/>\nRopa de cama y toallas<br \/>\nJardinero<br \/>\nMantenimiento de la piscina<br \/>\nInternet<br \/>\nTelevisi\u00f3n<br \/>\nPista de tenis<br \/>\nCampo de f\u00fatbol<br \/>\nMesa de ping pong<\/p>\n<p><strong>SERVICIOS EXTRAS<\/strong><br \/>\nChef Privado<br \/>\nPosibilidad de Celebrar eventos en la propiedad<br \/>\nLimpieza extra<br \/>\nCuidado de ni\u00f1os<br \/>\nMasajes<\/p>\n<p><strong>Condiciones de reservas:<\/strong><\/p>\n<p>El servicio de chef privado es obligatorio para realizar la reserva. (Servicio m\u00ednimo: media pensi\u00f3n durante toda la estancia)<\/p>\n<p>En el momento en que tenga lugar la formalizaci\u00f3n de la reserva es necesario para la confirmaci\u00f3n de la misma que se realice el pago del 30% del total del importe. El pago del 70% restante ser\u00e1 realizado como m\u00e1ximo 60 d\u00edas antes de la llegada al establecimiento.<\/p>\n<p>Para que la reserva sea efectiva es necesario depositar 4.000 \u20ac en concepto de fianza para responder de los da\u00f1os que pudieran causarse en el inmueble y su equipamiento.[\/vc_column_text][\/vc_column][\/vc_row]\n","protected":false},"excerpt":{"rendered":"<p>[vc_row type=\u00bbin_container\u00bb full_screen_row_position=\u00bbmiddle\u00bb column_margin=\u00bbdefault\u00bb column_direction=\u00bbdefault\u00bb column_direction_tablet=\u00bbdefault\u00bb column_direction_phone=\u00bbdefault\u00bb scene_position=\u00bbcenter\u00bb top_padding=\u00bb4%\u00bb constrain_group_1=\u00bbyes\u00bb bottom_padding=\u00bb4%\u00bb left_padding_desktop=\u00bb5%\u00bb constrain_group_2=\u00bbyes\u00bb right_padding_desktop=\u00bb5%\u00bb left_padding_phone=\u00bb0&#8243; constrain_group_6=\u00bbyes\u00bb right_padding_phone=\u00bb0&#8243; text_color=\u00bbdark\u00bb text_align=\u00bbleft\u00bb row_border_radius=\u00bbnone\u00bb row_border_radius_applies=\u00bbbg\u00bb overflow=\u00bbvisible\u00bb advanced_gradient_angle=\u00bb0&#8243; overlay_strength=\u00bb0.3&#8243; gradient_direction=\u00bbleft_to_right\u00bb shape_divider_position=\u00bbbottom\u00bb bg_image_animation=\u00bbnone\u00bb gradient_type=\u00bbdefault\u00bb shape_type=\u00bb\u00bb][vc_column column_padding=\u00bbno-extra-padding\u00bb&#8230;<\/p>\n","protected":false},"author":1,"featured_media":0,"parent":0,"menu_order":0,"comment_status":"closed","ping_status":"closed","template":"","meta":{"footnotes":""},"class_list":["post-2389","page","type-page","status-publish"],"aioseo_notices":[],"_links":{"self":[{"href":"https:\/\/sondoblons.com\/es\/wp-json\/wp\/v2\/pages\/2389","targetHints":{"allow":["GET"]}}],"collection":[{"href":"https:\/\/sondoblons.com\/es\/wp-json\/wp\/v2\/pages"}],"about":[{"href":"https:\/\/sondoblons.com\/es\/wp-json\/wp\/v2\/types\/page"}],"author":[{"embeddable":true,"href":"https:\/\/sondoblons.com\/es\/wp-json\/wp\/v2\/users\/1"}],"replies":[{"embeddable":true,"href":"https:\/\/sondoblons.com\/es\/wp-json\/wp\/v2\/comments?post=2389"}],"version-history":[{"count":2,"href":"https:\/\/sondoblons.com\/es\/wp-json\/wp\/v2\/pages\/2389\/revisions"}],"predecessor-version":[{"id":2394,"href":"https:\/\/sondoblons.com\/es\/wp-json\/wp\/v2\/pages\/2389\/revisions\/2394"}],"wp:attachment":[{"href":"https:\/\/sondoblons.com\/es\/wp-json\/wp\/v2\/media?parent=2389"}],"curies":[{"name":"wp","href":"https:\/\/api.w.org\/{rel}","templated":true}]}}